{"id":30,"date":"2022-08-01T16:06:01","date_gmt":"2022-08-01T14:06:01","guid":{"rendered":"http:\/\/viaggiatriceleggera.it\/?page_id=30"},"modified":"2022-08-01T16:06:01","modified_gmt":"2022-08-01T14:06:01","slug":"katharina-von-arx","status":"publish","type":"page","link":"https:\/\/viaggiatriceleggera.it\/?page_id=30","title":{"rendered":"Katharina von Arx"},"content":{"rendered":"\n<p>\u00c8 la viaggiatrice leggera per antonomasia: una scrittrice e giornalista svizzera che ha inaugurato negli anni 70 uno stile di viaggio alternativo che privilegia scelte low cost combinate allo spirito di adattamento giovanile e alla volont\u00e0 di integrazione con le realt\u00e0 locali. <\/p>\n\n\n\n<p>Quando parte da Genova per Bombay \u00e8 il 1953 e ha 25 anni. Riesce a farsi regalare un biglietto gratis per la nave ma viaggia comunque leggera: sulla spalle porta una sacca in cui c&#8217;\u00e8 solo il necessario. Il resto Katharina lo trover\u00e0 lungo il percorso nelle numerosissime esperienze che intraprende!<\/p>\n\n\n\n<p>Racconta delle sue imprese intorno al mondo in <em>La viaggiatrice leggera<\/em>: una narrazione piena di freschezza e colpi di scena, animata dallo spirito di libero dell&#8217;autrice.<\/p>\n","protected":false},"excerpt":{"rendered":"<p>\u00c8 la viaggiatrice leggera per antonomasia: una scrittrice e giornalista svizzera che ha inaugurato negli anni 70 uno stile di viaggio alternativo che privilegia scelte low cost combinate allo spirito di adattamento giovanile e alla volont\u00e0 di integrazione con le realt\u00e0 locali. Quando parte da Genova per Bombay \u00e8 il 1953 e ha 25 anni. Riesce a farsi regalare un biglietto gratis per la nave ma viaggia comunque leggera: sulla spalle porta una sacca in cui c&#8217;\u00e8 solo il necessario&#8230;.<\/p>\n<p class=\"read-more\"><a class=\"btn btn-default\" href=\"https:\/\/viaggiatriceleggera.it\/?page_id=30\">Leggi tutto<span class=\"screen-reader-text\"> Leggi tutto<\/span><\/a><\/p>\n","protected":false},"author":1,"featured_media":0,"parent":0,"menu_order":0,"comment_status":"closed","ping_status":"closed","template":"","meta":{"footnotes":""},"class_list":["post-30","page","type-page","status-publish","hentry"],"_links":{"self":[{"href":"https:\/\/viaggiatriceleggera.it\/index.php?rest_route=\/wp\/v2\/pages\/30","targetHints":{"allow":["GET"]}}],"collection":[{"href":"https:\/\/viaggiatriceleggera.it\/index.php?rest_route=\/wp\/v2\/pages"}],"about":[{"href":"https:\/\/viaggiatriceleggera.it\/index.php?rest_route=\/wp\/v2\/types\/page"}],"author":[{"embeddable":true,"href":"https:\/\/viaggiatriceleggera.it\/index.php?rest_route=\/wp\/v2\/users\/1"}],"replies":[{"embeddable":true,"href":"https:\/\/viaggiatriceleggera.it\/index.php?rest_route=%2Fwp%2Fv2%2Fcomments&post=30"}],"version-history":[{"count":1,"href":"https:\/\/viaggiatriceleggera.it\/index.php?rest_route=\/wp\/v2\/pages\/30\/revisions"}],"predecessor-version":[{"id":31,"href":"https:\/\/viaggiatriceleggera.it\/index.php?rest_route=\/wp\/v2\/pages\/30\/revisions\/31"}],"wp:attachment":[{"href":"https:\/\/viaggiatriceleggera.it\/index.php?rest_route=%2Fwp%2Fv2%2Fmedia&parent=30"}],"curies":[{"name":"wp","href":"https:\/\/api.w.org\/{rel}","templated":true}]}}